{"id":1362,"date":"2025-03-16T10:39:57","date_gmt":"2025-03-16T10:39:57","guid":{"rendered":"https:\/\/dgdedu.pl\/?page_id=1362"},"modified":"2026-03-07T18:03:08","modified_gmt":"2026-03-07T18:03:08","slug":"sylabyolla","status":"publish","type":"page","link":"https:\/\/dgdedu.pl\/index.php\/sylabyolla\/","title":{"rendered":"Sylaby ol-la"},"content":{"rendered":"\t\t<div data-elementor-type=\"wp-page\" data-elementor-id=\"1362\" class=\"elementor elementor-1362\">\n\t\t\t\t<div class=\"elementor-element elementor-element-548a3a9 e-con-full e-flex e-con e-parent\" data-id=\"548a3a9\" data-element_type=\"container\" data-e-type=\"container\">\n\t\t\t\t<div class=\"elementor-element elementor-element-888174b elementor-align-center elementor-widget elementor-widget-button\" data-id=\"888174b\" data-element_type=\"widget\" data-e-type=\"widget\" data-widget_type=\"button.default\">\n\t\t\t\t<div class=\"elementor-widget-container\">\n\t\t\t\t\t\t\t\t\t<div class=\"elementor-button-wrapper\">\n\t\t\t\t\t<a class=\"elementor-button elementor-button-link elementor-size-sm\" href=\"https:\/\/dgdedu.pl\/\">\n\t\t\t\t\t\t<span class=\"elementor-button-content-wrapper\">\n\t\t\t\t\t\t\t\t\t<span class=\"elementor-button-text\">Programy edukacyjne<\/span>\n\t\t\t\t\t<\/span>\n\t\t\t\t\t<\/a>\n\t\t\t\t<\/div>\n\t\t\t\t\t\t\t\t<\/div>\n\t\t\t\t<\/div>\n\t\t\t\t<div class=\"elementor-element elementor-element-ddcbffb elementor-widget elementor-widget-image\" data-id=\"ddcbffb\" data-element_type=\"widget\" data-e-type=\"widget\" data-widget_type=\"image.default\">\n\t\t\t\t<div class=\"elementor-widget-container\">\n\t\t\t\t\t\t\t\t\t\t\t\t\t\t\t<img fetchpriority=\"high\" decoding=\"async\" width=\"1536\" height=\"639\" src=\"https:\/\/dgdedu.pl\/wp-content\/uploads\/2025\/03\/allyw-1536x639.png\" class=\"attachment-1536x1536 size-1536x1536 wp-image-1367\" alt=\"\" srcset=\"https:\/\/dgdedu.pl\/wp-content\/uploads\/2025\/03\/allyw-1536x639.png 1536w, https:\/\/dgdedu.pl\/wp-content\/uploads\/2025\/03\/allyw-300x125.png 300w, https:\/\/dgdedu.pl\/wp-content\/uploads\/2025\/03\/allyw-1024x426.png 1024w, https:\/\/dgdedu.pl\/wp-content\/uploads\/2025\/03\/allyw-768x319.png 768w, https:\/\/dgdedu.pl\/wp-content\/uploads\/2025\/03\/allyw-2048x852.png 2048w\" sizes=\"(max-width: 1536px) 100vw, 1536px\" \/>\t\t\t\t\t\t\t\t\t\t\t\t\t\t\t<\/div>\n\t\t\t\t<\/div>\n\t\t\t\t<div class=\"elementor-element elementor-element-83a3b1c elementor-widget-divider--view-line elementor-widget elementor-widget-divider\" data-id=\"83a3b1c\" data-element_type=\"widget\" data-e-type=\"widget\" data-widget_type=\"divider.default\">\n\t\t\t\t<div class=\"elementor-widget-container\">\n\t\t\t\t\t\t\t<div class=\"elementor-divider\">\n\t\t\t<span class=\"elementor-divider-separator\">\n\t\t\t\t\t\t<\/span>\n\t\t<\/div>\n\t\t\t\t\t\t<\/div>\n\t\t\t\t<\/div>\n\t\t\t\t<\/div>\n\t\t<div class=\"elementor-element elementor-element-1f04f04 e-flex e-con-boxed e-con e-parent\" data-id=\"1f04f04\" data-element_type=\"container\" data-e-type=\"container\">\n\t\t\t\t\t<div class=\"e-con-inner\">\n\t\t\t\t<div class=\"elementor-element elementor-element-b7fabdd elementor-widget elementor-widget-heading\" data-id=\"b7fabdd\" data-element_type=\"widget\" data-e-type=\"widget\" data-widget_type=\"heading.default\">\n\t\t\t\t<div class=\"elementor-widget-container\">\n\t\t\t\t\t<h2 class=\"elementor-heading-title elementor-size-default\">Sklepy<\/h2>\t\t\t\t<\/div>\n\t\t\t\t<\/div>\n\t\t<div class=\"elementor-element elementor-element-e950c9f e-grid e-con-full e-con e-child\" data-id=\"e950c9f\" data-element_type=\"container\" data-e-type=\"container\">\n\t\t\t\t<div class=\"elementor-element elementor-element-8a50bd8 elementor-widget elementor-widget-html\" data-id=\"8a50bd8\" data-element_type=\"widget\" data-e-type=\"widget\" data-widget_type=\"html.default\">\n\t\t\t\t<div class=\"elementor-widget-container\">\n\t\t\t\t\t<a href=\"https:\/\/apps.apple.com\/us\/app\/logo-sylaby-l\/id6743542728\"\n   target=\"_blank\"\n   rel=\"noopener noreferrer\"\n   onclick=\"fbq('trackCustom','CLICK_APPSTORE'); return true;\">\n\n  <img decoding=\"async\" src=\"https:\/\/dgdedu.pl\/wp-content\/uploads\/2025\/02\/admin-ajax.png\"\n       alt=\"Pobierz w App Store\"\n       style=\"max-width: 100%; height: auto; display: block;\">\n<\/a>\n\t\t\t\t<\/div>\n\t\t\t\t<\/div>\n\t\t\t\t<div class=\"elementor-element elementor-element-bba2f1e elementor-widget elementor-widget-image\" data-id=\"bba2f1e\" data-element_type=\"widget\" data-e-type=\"widget\" data-widget_type=\"image.default\">\n\t\t\t\t<div class=\"elementor-widget-container\">\n\t\t\t\t\t\t\t\t\t\t\t\t\t\t\t\t<a href=\"https:\/\/dgdedu.pl\/index.php\/pdfy\/\" target=\"_blank\">\n\t\t\t\t\t\t\t<img decoding=\"async\" width=\"500\" height=\"281\" src=\"https:\/\/dgdedu.pl\/wp-content\/uploads\/2025\/08\/pdfer.png\" class=\"attachment-large size-large wp-image-2361\" alt=\"\" srcset=\"https:\/\/dgdedu.pl\/wp-content\/uploads\/2025\/08\/pdfer.png 500w, https:\/\/dgdedu.pl\/wp-content\/uploads\/2025\/08\/pdfer-300x169.png 300w\" sizes=\"(max-width: 500px) 100vw, 500px\" \/>\t\t\t\t\t\t\t\t<\/a>\n\t\t\t\t\t\t\t\t\t\t\t\t\t\t\t<\/div>\n\t\t\t\t<\/div>\n\t\t\t\t<div class=\"elementor-element elementor-element-515c1df elementor-widget elementor-widget-html\" data-id=\"515c1df\" data-element_type=\"widget\" data-e-type=\"widget\" data-widget_type=\"html.default\">\n\t\t\t\t<div class=\"elementor-widget-container\">\n\t\t\t\t\t<a href=\"https:\/\/play.google.com\/store\/apps\/details?id=com.DGD.Logo_Sylaby_L\"\n   target=\"_blank\"\n   rel=\"noopener noreferrer\"\n   onclick=\"fbq('trackCustom','CLICK_GPLAY'); return true;\">\n\n  <img decoding=\"async\" src=\"https:\/\/dgdedu.pl\/wp-content\/uploads\/2025\/02\/gplay.png\"\n       alt=\"Pobierz z Google Play\"\n       style=\"max-width: 100%; height: auto; display: block;\">\n<\/a>\t\t\t\t<\/div>\n\t\t\t\t<\/div>\n\t\t\t\t<\/div>\n\t\t\t\t<div class=\"elementor-element elementor-element-ee7ffe3 elementor-widget-divider--view-line elementor-widget elementor-widget-divider\" data-id=\"ee7ffe3\" data-element_type=\"widget\" data-e-type=\"widget\" data-widget_type=\"divider.default\">\n\t\t\t\t<div class=\"elementor-widget-container\">\n\t\t\t\t\t\t\t<div class=\"elementor-divider\">\n\t\t\t<span class=\"elementor-divider-separator\">\n\t\t\t\t\t\t<\/span>\n\t\t<\/div>\n\t\t\t\t\t\t<\/div>\n\t\t\t\t<\/div>\n\t\t\t\t<div class=\"elementor-element elementor-element-29e4258 elementor-widget elementor-widget-heading\" data-id=\"29e4258\" data-element_type=\"widget\" data-e-type=\"widget\" data-widget_type=\"heading.default\">\n\t\t\t\t<div class=\"elementor-widget-container\">\n\t\t\t\t\t<h2 class=\"elementor-heading-title elementor-size-default\">Galeria<\/h2>\t\t\t\t<\/div>\n\t\t\t\t<\/div>\n\t\t\t\t\t<\/div>\n\t\t\t\t<\/div>\n\t\t<div class=\"elementor-element elementor-element-35e086b e-flex e-con-boxed e-con e-parent\" data-id=\"35e086b\" data-element_type=\"container\" data-e-type=\"container\">\n\t\t\t\t\t<div class=\"e-con-inner\">\n\t\t<div class=\"elementor-element elementor-element-f78f4e8 e-con-full e-flex e-con e-child\" data-id=\"f78f4e8\" data-element_type=\"container\" data-e-type=\"container\" data-settings=\"{&quot;background_background&quot;:&quot;classic&quot;}\">\n\t\t\t\t<\/div>\n\t\t<div class=\"elementor-element elementor-element-1ef5649 e-con-full e-flex e-con e-child\" data-id=\"1ef5649\" data-element_type=\"container\" data-e-type=\"container\">\n\t\t\t\t<div class=\"elementor-element elementor-element-b9ba2c2 elementor-widget elementor-widget-heading\" data-id=\"b9ba2c2\" data-element_type=\"widget\" data-e-type=\"widget\" data-widget_type=\"heading.default\">\n\t\t\t\t<div class=\"elementor-widget-container\">\n\t\t\t\t\t<h2 class=\"elementor-heading-title elementor-size-default\">Gra logopedyczna: Logo Sylaby AL...LY<\/h2>\t\t\t\t<\/div>\n\t\t\t\t<\/div>\n\t\t\t\t<div class=\"elementor-element elementor-element-f6302e8 elementor-widget elementor-widget-text-editor\" data-id=\"f6302e8\" data-element_type=\"widget\" data-e-type=\"widget\" data-widget_type=\"text-editor.default\">\n\t\t\t\t<div class=\"elementor-widget-container\">\n\t\t\t\t\t\t\t\t\t<h4 data-start=\"37\" data-end=\"201\">Nauka g\u0142osek <strong data-start=\"50\" data-end=\"100\">la, le, lo, lu, li, ly, ol, al, el, il, ul, yl<\/strong> w interaktywnej i anga\u017cuj\u0105cej formie! Dziecko \u0107wiczy wymow\u0119, \u0142\u0105czy sylaby w s\u0142owa i buduje zdania.<br \/>Pobierz teraz i wspieraj rozw\u00f3j mowy swojego dziecka!<\/h4><p><strong data-start=\"312\" data-end=\"344\">Bez reklam i mikrop\u0142atno\u015bci!<\/strong><\/p>\t\t\t\t\t\t\t\t<\/div>\n\t\t\t\t<\/div>\n\t\t\t\t<\/div>\n\t\t\t\t\t<\/div>\n\t\t\t\t<\/div>\n\t\t<div class=\"elementor-element elementor-element-57c74ef e-flex e-con-boxed e-con e-parent\" data-id=\"57c74ef\" data-element_type=\"container\" data-e-type=\"container\">\n\t\t\t\t\t<div class=\"e-con-inner\">\n\t\t\t\t<div class=\"elementor-element elementor-element-afda962 elementor-widget-divider--view-line elementor-widget elementor-widget-divider\" data-id=\"afda962\" data-element_type=\"widget\" data-e-type=\"widget\" data-widget_type=\"divider.default\">\n\t\t\t\t<div class=\"elementor-widget-container\">\n\t\t\t\t\t\t\t<div class=\"elementor-divider\">\n\t\t\t<span class=\"elementor-divider-separator\">\n\t\t\t\t\t\t<\/span>\n\t\t<\/div>\n\t\t\t\t\t\t<\/div>\n\t\t\t\t<\/div>\n\t\t\t\t<div class=\"elementor-element elementor-element-cd5c1b1 elementor-widget elementor-widget-image-gallery\" data-id=\"cd5c1b1\" data-element_type=\"widget\" data-e-type=\"widget\" data-widget_type=\"image-gallery.default\">\n\t\t\t\t<div class=\"elementor-widget-container\">\n\t\t\t\t\t\t\t<div class=\"elementor-image-gallery\">\n\t\t\t<div id='gallery-1' class='gallery galleryid-1362 gallery-columns-5 gallery-size-medium'><figure class='gallery-item'>\n\t\t\t<div class='gallery-icon landscape'>\n\t\t\t\t<a data-elementor-open-lightbox=\"yes\" data-elementor-lightbox-slideshow=\"cd5c1b1\" data-elementor-lightbox-title=\"05\" data-e-action-hash=\"#elementor-action%3Aaction%3Dlightbox%26settings%3DeyJpZCI6MTM3NywidXJsIjoiaHR0cHM6XC9cL2RnZGVkdS5wbFwvd3AtY29udGVudFwvdXBsb2Fkc1wvMjAyNVwvMDNcLzA1LTI5LnBuZyIsInNsaWRlc2hvdyI6ImNkNWMxYjEifQ%3D%3D\" href='https:\/\/dgdedu.pl\/wp-content\/uploads\/2025\/03\/05-29.png'><img decoding=\"async\" width=\"300\" height=\"169\" src=\"https:\/\/dgdedu.pl\/wp-content\/uploads\/2025\/03\/05-29-300x169.png\" class=\"attachment-medium size-medium\" alt=\"\" srcset=\"https:\/\/dgdedu.pl\/wp-content\/uploads\/2025\/03\/05-29-300x169.png 300w, https:\/\/dgdedu.pl\/wp-content\/uploads\/2025\/03\/05-29-768x432.png 768w, https:\/\/dgdedu.pl\/wp-content\/uploads\/2025\/03\/05-29.png 1024w\" sizes=\"(max-width: 300px) 100vw, 300px\" \/><\/a>\n\t\t\t<\/div><\/figure><figure class='gallery-item'>\n\t\t\t<div class='gallery-icon landscape'>\n\t\t\t\t<a data-elementor-open-lightbox=\"yes\" data-elementor-lightbox-slideshow=\"cd5c1b1\" data-elementor-lightbox-title=\"04\" data-e-action-hash=\"#elementor-action%3Aaction%3Dlightbox%26settings%3DeyJpZCI6MTM3OCwidXJsIjoiaHR0cHM6XC9cL2RnZGVkdS5wbFwvd3AtY29udGVudFwvdXBsb2Fkc1wvMjAyNVwvMDNcLzA0LTI5LnBuZyIsInNsaWRlc2hvdyI6ImNkNWMxYjEifQ%3D%3D\" href='https:\/\/dgdedu.pl\/wp-content\/uploads\/2025\/03\/04-29.png'><img loading=\"lazy\" decoding=\"async\" width=\"300\" height=\"169\" src=\"https:\/\/dgdedu.pl\/wp-content\/uploads\/2025\/03\/04-29-300x169.png\" class=\"attachment-medium size-medium\" alt=\"\" srcset=\"https:\/\/dgdedu.pl\/wp-content\/uploads\/2025\/03\/04-29-300x169.png 300w, https:\/\/dgdedu.pl\/wp-content\/uploads\/2025\/03\/04-29-768x432.png 768w, https:\/\/dgdedu.pl\/wp-content\/uploads\/2025\/03\/04-29.png 1024w\" sizes=\"(max-width: 300px) 100vw, 300px\" \/><\/a>\n\t\t\t<\/div><\/figure><figure class='gallery-item'>\n\t\t\t<div class='gallery-icon landscape'>\n\t\t\t\t<a data-elementor-open-lightbox=\"yes\" data-elementor-lightbox-slideshow=\"cd5c1b1\" data-elementor-lightbox-title=\"03\" data-e-action-hash=\"#elementor-action%3Aaction%3Dlightbox%26settings%3DeyJpZCI6MTM3OSwidXJsIjoiaHR0cHM6XC9cL2RnZGVkdS5wbFwvd3AtY29udGVudFwvdXBsb2Fkc1wvMjAyNVwvMDNcLzAzLTI5LnBuZyIsInNsaWRlc2hvdyI6ImNkNWMxYjEifQ%3D%3D\" href='https:\/\/dgdedu.pl\/wp-content\/uploads\/2025\/03\/03-29.png'><img loading=\"lazy\" decoding=\"async\" width=\"300\" height=\"169\" src=\"https:\/\/dgdedu.pl\/wp-content\/uploads\/2025\/03\/03-29-300x169.png\" class=\"attachment-medium size-medium\" alt=\"\" srcset=\"https:\/\/dgdedu.pl\/wp-content\/uploads\/2025\/03\/03-29-300x169.png 300w, https:\/\/dgdedu.pl\/wp-content\/uploads\/2025\/03\/03-29-768x432.png 768w, https:\/\/dgdedu.pl\/wp-content\/uploads\/2025\/03\/03-29.png 1024w\" sizes=\"(max-width: 300px) 100vw, 300px\" \/><\/a>\n\t\t\t<\/div><\/figure><figure class='gallery-item'>\n\t\t\t<div class='gallery-icon landscape'>\n\t\t\t\t<a data-elementor-open-lightbox=\"yes\" data-elementor-lightbox-slideshow=\"cd5c1b1\" data-elementor-lightbox-title=\"02\" data-e-action-hash=\"#elementor-action%3Aaction%3Dlightbox%26settings%3DeyJpZCI6MTM4MCwidXJsIjoiaHR0cHM6XC9cL2RnZGVkdS5wbFwvd3AtY29udGVudFwvdXBsb2Fkc1wvMjAyNVwvMDNcLzAyLTI5LnBuZyIsInNsaWRlc2hvdyI6ImNkNWMxYjEifQ%3D%3D\" href='https:\/\/dgdedu.pl\/wp-content\/uploads\/2025\/03\/02-29.png'><img loading=\"lazy\" decoding=\"async\" width=\"300\" height=\"169\" src=\"https:\/\/dgdedu.pl\/wp-content\/uploads\/2025\/03\/02-29-300x169.png\" class=\"attachment-medium size-medium\" alt=\"\" srcset=\"https:\/\/dgdedu.pl\/wp-content\/uploads\/2025\/03\/02-29-300x169.png 300w, https:\/\/dgdedu.pl\/wp-content\/uploads\/2025\/03\/02-29-768x432.png 768w, https:\/\/dgdedu.pl\/wp-content\/uploads\/2025\/03\/02-29.png 1024w\" sizes=\"(max-width: 300px) 100vw, 300px\" \/><\/a>\n\t\t\t<\/div><\/figure><figure class='gallery-item'>\n\t\t\t<div class='gallery-icon landscape'>\n\t\t\t\t<a data-elementor-open-lightbox=\"yes\" data-elementor-lightbox-slideshow=\"cd5c1b1\" data-elementor-lightbox-title=\"01\" data-e-action-hash=\"#elementor-action%3Aaction%3Dlightbox%26settings%3DeyJpZCI6MTM4MSwidXJsIjoiaHR0cHM6XC9cL2RnZGVkdS5wbFwvd3AtY29udGVudFwvdXBsb2Fkc1wvMjAyNVwvMDNcLzAxLTI5LnBuZyIsInNsaWRlc2hvdyI6ImNkNWMxYjEifQ%3D%3D\" href='https:\/\/dgdedu.pl\/wp-content\/uploads\/2025\/03\/01-29.png'><img loading=\"lazy\" decoding=\"async\" width=\"300\" height=\"169\" src=\"https:\/\/dgdedu.pl\/wp-content\/uploads\/2025\/03\/01-29-300x169.png\" class=\"attachment-medium size-medium\" alt=\"\" srcset=\"https:\/\/dgdedu.pl\/wp-content\/uploads\/2025\/03\/01-29-300x169.png 300w, https:\/\/dgdedu.pl\/wp-content\/uploads\/2025\/03\/01-29-768x432.png 768w, https:\/\/dgdedu.pl\/wp-content\/uploads\/2025\/03\/01-29.png 1024w\" sizes=\"(max-width: 300px) 100vw, 300px\" \/><\/a>\n\t\t\t<\/div><\/figure>\n\t\t<\/div>\n\t\t<\/div>\n\t\t\t\t\t\t<\/div>\n\t\t\t\t<\/div>\n\t\t\t\t\t<\/div>\n\t\t\t\t<\/div>\n\t\t<div class=\"elementor-element elementor-element-53a5a16 e-flex e-con-boxed e-con e-parent\" data-id=\"53a5a16\" data-element_type=\"container\" data-e-type=\"container\">\n\t\t\t\t\t<div class=\"e-con-inner\">\n\t\t\t\t<div class=\"elementor-element elementor-element-0165d97 elementor-widget-divider--view-line elementor-widget elementor-widget-divider\" data-id=\"0165d97\" data-element_type=\"widget\" data-e-type=\"widget\" data-widget_type=\"divider.default\">\n\t\t\t\t<div class=\"elementor-widget-container\">\n\t\t\t\t\t\t\t<div class=\"elementor-divider\">\n\t\t\t<span class=\"elementor-divider-separator\">\n\t\t\t\t\t\t<\/span>\n\t\t<\/div>\n\t\t\t\t\t\t<\/div>\n\t\t\t\t<\/div>\n\t\t\t\t<div class=\"elementor-element elementor-element-f05d4b8 elementor-widget elementor-widget-video\" data-id=\"f05d4b8\" data-element_type=\"widget\" data-e-type=\"widget\" data-settings=\"{&quot;video_type&quot;:&quot;hosted&quot;,&quot;controls&quot;:&quot;yes&quot;}\" data-widget_type=\"video.default\">\n\t\t\t\t<div class=\"elementor-widget-container\">\n\t\t\t\t\t\t\t<div class=\"e-hosted-video elementor-wrapper elementor-open-inline\">\n\t\t\t\t\t<video class=\"elementor-video\" src=\"https:\/\/dm74756.domenomania.eu\/movies_site\/ALLYSerwer.mp4\" controls=\"\" preload=\"metadata\" controlsList=\"nodownload\"><\/video>\n\t\t\t\t<\/div>\n\t\t\t\t\t\t<\/div>\n\t\t\t\t<\/div>\n\t\t\t\t<div class=\"elementor-element elementor-element-2e43806 elementor-widget-divider--view-line elementor-widget elementor-widget-divider\" data-id=\"2e43806\" data-element_type=\"widget\" data-e-type=\"widget\" data-widget_type=\"divider.default\">\n\t\t\t\t<div class=\"elementor-widget-container\">\n\t\t\t\t\t\t\t<div class=\"elementor-divider\">\n\t\t\t<span class=\"elementor-divider-separator\">\n\t\t\t\t\t\t<\/span>\n\t\t<\/div>\n\t\t\t\t\t\t<\/div>\n\t\t\t\t<\/div>\n\t\t\t\t<div class=\"elementor-element elementor-element-9c0b344 elementor-widget elementor-widget-heading\" data-id=\"9c0b344\" data-element_type=\"widget\" data-e-type=\"widget\" data-widget_type=\"heading.default\">\n\t\t\t\t<div class=\"elementor-widget-container\">\n\t\t\t\t\t<h2 class=\"elementor-heading-title elementor-size-default\">Wersja demo online - kliknij na obrazek poni\u017cej  by zagra\u0107<\/h2>\t\t\t\t<\/div>\n\t\t\t\t<\/div>\n\t\t\t\t<div class=\"elementor-element elementor-element-804d910 elementor-widget elementor-widget-image\" data-id=\"804d910\" data-element_type=\"widget\" data-e-type=\"widget\" data-widget_type=\"image.default\">\n\t\t\t\t<div class=\"elementor-widget-container\">\n\t\t\t\t\t\t\t\t\t\t\t\t\t\t\t\t<a href=\"https:\/\/dgdedu.pl\/index.php\/ollaweb\/\" target=\"_blank\">\n\t\t\t\t\t\t\t<img loading=\"lazy\" decoding=\"async\" width=\"1016\" height=\"300\" src=\"https:\/\/dgdedu.pl\/wp-content\/uploads\/2025\/03\/webal.png\" class=\"attachment-large size-large wp-image-1369\" alt=\"\" srcset=\"https:\/\/dgdedu.pl\/wp-content\/uploads\/2025\/03\/webal.png 1016w, https:\/\/dgdedu.pl\/wp-content\/uploads\/2025\/03\/webal-300x89.png 300w, https:\/\/dgdedu.pl\/wp-content\/uploads\/2025\/03\/webal-768x227.png 768w\" sizes=\"(max-width: 1016px) 100vw, 1016px\" \/>\t\t\t\t\t\t\t\t<\/a>\n\t\t\t\t\t\t\t\t\t\t\t\t\t\t\t<\/div>\n\t\t\t\t<\/div>\n\t\t\t\t<div class=\"elementor-element elementor-element-173f591 elementor-widget-divider--view-line elementor-widget elementor-widget-divider\" data-id=\"173f591\" data-element_type=\"widget\" data-e-type=\"widget\" data-widget_type=\"divider.default\">\n\t\t\t\t<div class=\"elementor-widget-container\">\n\t\t\t\t\t\t\t<div class=\"elementor-divider\">\n\t\t\t<span class=\"elementor-divider-separator\">\n\t\t\t\t\t\t<\/span>\n\t\t<\/div>\n\t\t\t\t\t\t<\/div>\n\t\t\t\t<\/div>\n\t\t\t\t\t<\/div>\n\t\t\t\t<\/div>\n\t\t<div class=\"elementor-element elementor-element-203666d e-flex e-con-boxed e-con e-parent\" data-id=\"203666d\" data-element_type=\"container\" data-e-type=\"container\">\n\t\t\t\t\t<div class=\"e-con-inner\">\n\t\t\t\t<div class=\"elementor-element elementor-element-7d04e7e elementor-widget elementor-widget-heading\" data-id=\"7d04e7e\" data-element_type=\"widget\" data-e-type=\"widget\" data-widget_type=\"heading.default\">\n\t\t\t\t<div class=\"elementor-widget-container\">\n\t\t\t\t\t<h2 class=\"elementor-heading-title elementor-size-default\">\ud83d\udce2 Logo Sylaby \u2013 logopedyczna zabawa dla najm\u0142odszych!<\/h2>\t\t\t\t<\/div>\n\t\t\t\t<\/div>\n\t\t\t\t<div class=\"elementor-element elementor-element-b6269c4 elementor-widget elementor-widget-text-editor\" data-id=\"b6269c4\" data-element_type=\"widget\" data-e-type=\"widget\" data-widget_type=\"text-editor.default\">\n\t\t\t\t<div class=\"elementor-widget-container\">\n\t\t\t\t\t\t\t\t\t<h4 data-start=\"113\" data-end=\"174\">G\u0142oski: al, el, il, ol, ul, yl \u2013 la, le, li, lo, lu, ly<\/h4><h4 data-start=\"175\" data-end=\"218\"><strong data-start=\"175\" data-end=\"216\">\u0106wiczenia Analizy i Syntezy S\u0142uchowej<\/strong><\/h4><h4 data-start=\"220\" data-end=\"543\">Zapraszamy do naszego programu nauki g\u0142osek \u00a0metod\u0105 sylabow\u0105! Dzi\u0119ki interaktywnym \u0107wiczeniom dzieci szybko opanowuj\u0105 poprawn\u0105 wymow\u0119 i rozumienie struktury d\u017awi\u0119kowej j\u0119zyka. Nauka odbywa si\u0119 w atrakcyjnej i anga\u017cuj\u0105cej formie, co sprawia, \u017ce staje si\u0119 przyjemno\u015bci\u0105.<\/h4><h4 data-start=\"545\" data-end=\"567\"><strong data-start=\"549\" data-end=\"565\">Funkcje gry:<\/strong><\/h4><h4 data-start=\"569\" data-end=\"1003\">\u2705 <strong data-start=\"571\" data-end=\"600\">\u0106wiczenia \u0142\u0105czenia g\u0142osek<\/strong> \u2013 tworzenie sylab otwartych z g\u0142osek.<br data-start=\"690\" data-end=\"693\" \/>\u2705 <strong data-start=\"695\" data-end=\"710\">Nauka liter<\/strong> \u2013 pomoc w rozpoznawaniu liter odpowiadaj\u0105cych poszczeg\u00f3lnym g\u0142oskom.<br data-start=\"779\" data-end=\"782\" \/>\u2705 <strong data-start=\"784\" data-end=\"799\">Wymowa s\u0142\u00f3w<\/strong> \u2013 \u0107wiczenia poprawnej wymowy g\u0142osek i wyraz\u00f3w.<br data-start=\"846\" data-end=\"849\" \/>\u2705 <strong data-start=\"851\" data-end=\"877\">Budowanie s\u0142\u00f3w z sylab<\/strong> \u2013 \u0142\u0105czenie sylab w pe\u0142ne wyrazy.<br data-start=\"910\" data-end=\"913\" \/>\u2705 <strong data-start=\"915\" data-end=\"933\">Budowanie zda\u0144<\/strong> \u2013 konstruowanie zda\u0144 na podstawie wcze\u015bniej poznanych s\u0142\u00f3w i sylab.<\/h4><h4 data-start=\"1005\" data-end=\"1032\"><strong data-start=\"1009\" data-end=\"1030\">Wa\u017cne informacje:<\/strong><\/h4><h4 data-start=\"1034\" data-end=\"1336\">\ud83d\udd39 <strong data-start=\"1037\" data-end=\"1068\">Bez reklam i mikrop\u0142atno\u015bci<\/strong> \u2013 bezpieczna i czysta rozrywka dla Twojego dziecka.<br data-start=\"1120\" data-end=\"1123\" \/>\ud83d\udd39 <strong data-start=\"1126\" data-end=\"1155\">Stworzone przez ekspert\u00f3w<\/strong> \u2013 w opracowanie gry zaanga\u017cowani byli logopedzi, pedagodzy i specjali\u015bci ds. rozwoju mowy.<br data-start=\"1246\" data-end=\"1249\" \/>\ud83d\udd39 <strong data-start=\"1252\" data-end=\"1280\">Innowacyjna metoda nauki<\/strong> \u2013 skuteczny spos\u00f3b na rozw\u00f3j umiej\u0119tno\u015bci j\u0119zykowych.<\/h4><h4 data-start=\"1338\" data-end=\"1498\">Je\u015bli szukasz skutecznego narz\u0119dzia do nauki g\u0142osek, <strong data-start=\"1391\" data-end=\"1406\">Logo Sylaby<\/strong> jest idealnym wyborem! Pobierz ju\u017c teraz i wsp\u00f3lnie wspieraj rozw\u00f3j mowy swojego dziecka.<\/h4>\t\t\t\t\t\t\t\t<\/div>\n\t\t\t\t<\/div>\n\t\t\t\t<div class=\"elementor-element elementor-element-1f754f3 elementor-widget-divider--view-line elementor-widget elementor-widget-divider\" data-id=\"1f754f3\" data-element_type=\"widget\" data-e-type=\"widget\" data-settings=\"{&quot;_animation&quot;:&quot;none&quot;}\" data-widget_type=\"divider.default\">\n\t\t\t\t<div class=\"elementor-widget-container\">\n\t\t\t\t\t\t\t<div class=\"elementor-divider\">\n\t\t\t<span class=\"elementor-divider-separator\">\n\t\t\t\t\t\t<\/span>\n\t\t<\/div>\n\t\t\t\t\t\t<\/div>\n\t\t\t\t<\/div>\n\t\t\t\t<div class=\"elementor-element elementor-element-8b1647e elementor-align-center elementor-widget elementor-widget-button\" data-id=\"8b1647e\" data-element_type=\"widget\" data-e-type=\"widget\" data-widget_type=\"button.default\">\n\t\t\t\t<div class=\"elementor-widget-container\">\n\t\t\t\t\t\t\t\t\t<div class=\"elementor-button-wrapper\">\n\t\t\t\t\t<a class=\"elementor-button elementor-button-link elementor-size-sm\" href=\"https:\/\/dgdedu.pl\/\">\n\t\t\t\t\t\t<span class=\"elementor-button-content-wrapper\">\n\t\t\t\t\t\t\t\t\t<span class=\"elementor-button-text\">Programy edukacyjne<\/span>\n\t\t\t\t\t<\/span>\n\t\t\t\t\t<\/a>\n\t\t\t\t<\/div>\n\t\t\t\t\t\t\t\t<\/div>\n\t\t\t\t<\/div>\n\t\t\t\t\t<\/div>\n\t\t\t\t<\/div>\n\t\t<div class=\"elementor-element elementor-element-7437c7b e-grid e-con-boxed e-con e-parent\" data-id=\"7437c7b\" data-element_type=\"container\" data-e-type=\"container\" data-settings=\"{&quot;background_background&quot;:&quot;classic&quot;}\">\n\t\t\t\t\t<div class=\"e-con-inner\">\n\t\t\t\t<div class=\"elementor-element elementor-element-51d855c elementor-widget elementor-widget-text-editor\" data-id=\"51d855c\" data-element_type=\"widget\" data-e-type=\"widget\" data-widget_type=\"text-editor.default\">\n\t\t\t\t<div class=\"elementor-widget-container\">\n\t\t\t\t\t\t\t\t\t<p><em><strong>DGD Edu<\/strong><\/em><br \/><em>dgdgplay@gmail.com<\/em><\/p>\t\t\t\t\t\t\t\t<\/div>\n\t\t\t\t<\/div>\n\t\t\t\t<div class=\"elementor-element elementor-element-eb7ed04 elementor-align-center elementor-widget elementor-widget-button\" data-id=\"eb7ed04\" data-element_type=\"widget\" data-e-type=\"widget\" data-widget_type=\"button.default\">\n\t\t\t\t<div class=\"elementor-widget-container\">\n\t\t\t\t\t\t\t\t\t<div class=\"elementor-button-wrapper\">\n\t\t\t\t\t<a class=\"elementor-button elementor-button-link elementor-size-sm\" href=\"https:\/\/dgdedu.pl\/index.php\/regulamin\">\n\t\t\t\t\t\t<span class=\"elementor-button-content-wrapper\">\n\t\t\t\t\t\t\t\t\t<span class=\"elementor-button-text\">Regulamin<\/span>\n\t\t\t\t\t<\/span>\n\t\t\t\t\t<\/a>\n\t\t\t\t<\/div>\n\t\t\t\t\t\t\t\t<\/div>\n\t\t\t\t<\/div>\n\t\t\t\t<div class=\"elementor-element elementor-element-3752d5f elementor-align-center elementor-widget elementor-widget-button\" data-id=\"3752d5f\" data-element_type=\"widget\" data-e-type=\"widget\" data-widget_type=\"button.default\">\n\t\t\t\t<div class=\"elementor-widget-container\">\n\t\t\t\t\t\t\t\t\t<div class=\"elementor-button-wrapper\">\n\t\t\t\t\t<a class=\"elementor-button elementor-button-link elementor-size-sm\" href=\"https:\/\/dgdedu.pl\/index.php\/politykapoprawnosci\/\">\n\t\t\t\t\t\t<span class=\"elementor-button-content-wrapper\">\n\t\t\t\t\t\t\t\t\t<span class=\"elementor-button-text\">Polityka prywatno\u015bci<\/span>\n\t\t\t\t\t<\/span>\n\t\t\t\t\t<\/a>\n\t\t\t\t<\/div>\n\t\t\t\t\t\t\t\t<\/div>\n\t\t\t\t<\/div>\n\t\t\t\t\t<\/div>\n\t\t\t\t<\/div>\n\t\t\t\t<\/div>\n\t\t","protected":false},"excerpt":{"rendered":"<p>Programy edukacyjne Sklepy Galeria Gra logopedyczna: Logo Sylaby AL&#8230;LY Nauka g\u0142osek la, le, lo, lu, li, ly, ol, al, el, il, ul, yl w interaktywnej i anga\u017cuj\u0105cej formie! Dziecko \u0107wiczy wymow\u0119, \u0142\u0105czy sylaby w s\u0142owa i buduje zdania.Pobierz teraz i wspieraj rozw\u00f3j mowy swojego dziecka! Bez reklam i mikrop\u0142atno\u015bci! https:\/\/dm74756.domenomania.eu\/movies_site\/ALLYSerwer.mp4 Wersja demo online &#8211; kliknij [&hellip;]<\/p>\n","protected":false},"author":1,"featured_media":0,"parent":0,"menu_order":0,"comment_status":"closed","ping_status":"closed","template":"elementor_canvas","meta":{"footnotes":""},"class_list":["post-1362","page","type-page","status-publish","hentry"],"_links":{"self":[{"href":"https:\/\/dgdedu.pl\/index.php\/wp-json\/wp\/v2\/pages\/1362","targetHints":{"allow":["GET"]}}],"collection":[{"href":"https:\/\/dgdedu.pl\/index.php\/wp-json\/wp\/v2\/pages"}],"about":[{"href":"https:\/\/dgdedu.pl\/index.php\/wp-json\/wp\/v2\/types\/page"}],"author":[{"embeddable":true,"href":"https:\/\/dgdedu.pl\/index.php\/wp-json\/wp\/v2\/users\/1"}],"replies":[{"embeddable":true,"href":"https:\/\/dgdedu.pl\/index.php\/wp-json\/wp\/v2\/comments?post=1362"}],"version-history":[{"count":41,"href":"https:\/\/dgdedu.pl\/index.php\/wp-json\/wp\/v2\/pages\/1362\/revisions"}],"predecessor-version":[{"id":3041,"href":"https:\/\/dgdedu.pl\/index.php\/wp-json\/wp\/v2\/pages\/1362\/revisions\/3041"}],"wp:attachment":[{"href":"https:\/\/dgdedu.pl\/index.php\/wp-json\/wp\/v2\/media?parent=1362"}],"curies":[{"name":"wp","href":"https:\/\/api.w.org\/{rel}","templated":true}]}}